{"id":249,"date":"2020-10-04T12:39:31","date_gmt":"2020-10-04T17:39:31","guid":{"rendered":"https:\/\/isipix.com\/?page_id=249"},"modified":"2020-10-04T17:22:16","modified_gmt":"2020-10-04T22:22:16","slug":"elementor-249","status":"publish","type":"page","link":"https:\/\/isipix.com\/","title":{"rendered":"Temporal"},"content":{"rendered":"\t\t<div data-elementor-type=\"wp-page\" data-elementor-id=\"249\" class=\"elementor elementor-249\" data-elementor-settings=\"[]\">\n\t\t\t\t\t\t<div class=\"elementor-inner\">\n\t\t\t\t\t\t\t<div class=\"elementor-section-wrap\">\n\t\t\t\t\t\t\t<section class=\"elementor-section elementor-top-section elementor-element elementor-element-1279510 elementor-section-full_width elementor-section-height-default elementor-section-height-default\" data-id=\"1279510\" data-element_type=\"section\" data-settings=\"{&quot;background_background&quot;:&quot;slideshow&quot;,&quot;background_slideshow_gallery&quot;:[{&quot;id&quot;:228,&quot;url&quot;:&quot;https:\\\/\\\/isipix.com\\\/wp-content\\\/uploads\\\/2020\\\/09\\\/Photobook_BB_SQUARE.jpg&quot;},{&quot;id&quot;:257,&quot;url&quot;:&quot;https:\\\/\\\/isipix.com\\\/wp-content\\\/uploads\\\/2020\\\/10\\\/fotolibro_bebes_1707_13.jpg&quot;},{&quot;id&quot;:285,&quot;url&quot;:&quot;https:\\\/\\\/isipix.com\\\/wp-content\\\/uploads\\\/2020\\\/10\\\/d6c033aa-1fc5-4f71-8079-7e48e376da17.jpg&quot;},{&quot;id&quot;:286,&quot;url&quot;:&quot;https:\\\/\\\/isipix.com\\\/wp-content\\\/uploads\\\/2020\\\/10\\\/fotolibro_viajes_vacaciones_1902_28.jpg&quot;},{&quot;id&quot;:290,&quot;url&quot;:&quot;https:\\\/\\\/isipix.com\\\/wp-content\\\/uploads\\\/2020\\\/10\\\/make-your-own-calendar-06-600x600-1.jpg&quot;}],&quot;background_slideshow_transition_duration&quot;:1000,&quot;background_slideshow_ken_burns&quot;:&quot;yes&quot;,&quot;background_slideshow_ken_burns_zoom_direction&quot;:&quot;out&quot;,&quot;background_slideshow_slide_duration&quot;:4000,&quot;background_slideshow_slide_transition&quot;:&quot;slide_right&quot;,&quot;background_slideshow_loop&quot;:&quot;yes&quot;}\">\n\t\t\t\t\t\t\t<div class=\"elementor-background-overlay\"><\/div>\n\t\t\t\t\t\t\t<div class=\"elementor-container elementor-column-gap-default\">\n\t\t\t\t\t\t\t<div class=\"elementor-row\">\n\t\t\t\t\t<div class=\"elementor-column elementor-col-100 elementor-top-column elementor-element elementor-element-49eb191\" data-id=\"49eb191\" data-element_type=\"column\">\n\t\t\t<div class=\"elementor-column-wrap elementor-element-populated\">\n\t\t\t\t\t\t\t<div class=\"elementor-widget-wrap\">\n\t\t\t\t\t\t<div class=\"elementor-element elementor-element-bc3e4bd elementor-headline--style-rotate elementor-widget__width-initial elementor-widget elementor-widget-animated-headline\" data-id=\"bc3e4bd\" data-element_type=\"widget\" data-settings=\"{&quot;headline_style&quot;:&quot;rotate&quot;,&quot;animation_type&quot;:&quot;blinds&quot;,&quot;rotating_text&quot;:&quot;\\u00fanico\\nespecial\\ndiferente\\nduradero&quot;}\" data-widget_type=\"animated-headline.default\">\n\t\t\t\t<div class=\"elementor-widget-container\">\n\t\t\t\t\t<h3 class=\"elementor-headline elementor-headline-animation-type-blinds elementor-headline-letters\">\n\t\t\t\t\t\t\t<span class=\"elementor-headline-plain-text elementor-headline-text-wrapper\">Convierte tus fotos en un regalo\u200b <\/span>\n\t\t\t\t\t\t<span class=\"elementor-headline-dynamic-wrapper elementor-headline-text-wrapper\"><\/span>\n\t\t\t\t\t<\/h3>\n\t\t\t\t<\/div>\n\t\t\t\t<\/div>\n\t\t\t\t<div class=\"elementor-element elementor-element-f906161 elementor-widget elementor-widget-text-editor\" data-id=\"f906161\" data-element_type=\"widget\" data-widget_type=\"text-editor.default\">\n\t\t\t\t<div class=\"elementor-widget-container\">\n\t\t\t\t\t<div class=\"elementor-text-editor elementor-clearfix\"><p>Revive la alegr\u00eda y felicidad de tus viajes, celebraciones y momentos especiales.<\/p><p><span style=\"font-size: 19px;\">Todo en l\u00ednea y f\u00e1cil de usar desde tu tel\u00e9fono, tableta o computador.\u00a0<\/span><\/p><\/div>\n\t\t\t\t<\/div>\n\t\t\t\t<\/div>\n\t\t\t\t<div class=\"elementor-element elementor-element-2a12684 elementor-align-center elementor-widget elementor-widget-button\" data-id=\"2a12684\" data-element_type=\"widget\" data-widget_type=\"button.default\">\n\t\t\t\t<div class=\"elementor-widget-container\">\n\t\t\t\t\t<div class=\"elementor-button-wrapper\">\n\t\t\t<a href=\"#\" class=\"elementor-button-link elementor-button elementor-size-sm elementor-animation-shrink\" role=\"button\">\n\t\t\t\t\t\t<span class=\"elementor-button-content-wrapper\">\n\t\t\t\t\t\t<span class=\"elementor-button-text\">MUY PRONTO<\/span>\n\t\t<\/span>\n\t\t\t\t\t<\/a>\n\t\t<\/div>\n\t\t\t\t<\/div>\n\t\t\t\t<\/div>\n\t\t\t\t\t\t<\/div>\n\t\t\t\t\t<\/div>\n\t\t<\/div>\n\t\t\t\t\t\t\t\t<\/div>\n\t\t\t\t\t<\/div>\n\t\t<\/section>\n\t\t\t\t\t\t<\/div>\n\t\t\t\t\t\t<\/div>\n\t\t\t\t\t<\/div>\n\t\t","protected":false},"excerpt":{"rendered":"<p>Convierte tus fotos en un regalo\u200b Revive la alegr\u00eda y felicidad de tus viajes, celebraciones y momentos especiales. Todo en l\u00ednea y f\u00e1cil de usar desde tu tel\u00e9fono, tableta o computador.\u00a0 MUY PRONTO<\/p>\n","protected":false},"author":1,"featured_media":0,"parent":0,"menu_order":0,"comment_status":"closed","ping_status":"closed","template":"","meta":[],"_links":{"self":[{"href":"https:\/\/isipix.com\/index.php?rest_route=\/wp\/v2\/pages\/249"}],"collection":[{"href":"https:\/\/isipix.com\/index.php?rest_route=\/wp\/v2\/pages"}],"about":[{"href":"https:\/\/isipix.com\/index.php?rest_route=\/wp\/v2\/types\/page"}],"author":[{"embeddable":true,"href":"https:\/\/isipix.com\/index.php?rest_route=\/wp\/v2\/users\/1"}],"replies":[{"embeddable":true,"href":"https:\/\/isipix.com\/index.php?rest_route=%2Fwp%2Fv2%2Fcomments&post=249"}],"version-history":[{"count":5,"href":"https:\/\/isipix.com\/index.php?rest_route=\/wp\/v2\/pages\/249\/revisions"}],"predecessor-version":[{"id":293,"href":"https:\/\/isipix.com\/index.php?rest_route=\/wp\/v2\/pages\/249\/revisions\/293"}],"wp:attachment":[{"href":"https:\/\/isipix.com\/index.php?rest_route=%2Fwp%2Fv2%2Fmedia&parent=249"}],"curies":[{"name":"wp","href":"https:\/\/api.w.org\/{rel}","templated":true}]}}